{"id":6193,"date":"2022-06-22T10:10:26","date_gmt":"2022-06-22T08:10:26","guid":{"rendered":"https:\/\/www.visitmittskane.se\/infopoints\/"},"modified":"2025-12-27T16:07:15","modified_gmt":"2025-12-27T15:07:15","slug":"infopoints","status":"publish","type":"page","link":"https:\/\/www.visitmittskane.se\/en\/infopoints\/","title":{"rendered":"Infopoints"},"content":{"rendered":"\n\n    <div id=\"hero-block_4e200e44a3ba7851ff6ff5bb7092f9f6\" class=\"hero-block alignnone d-flex justify-content-center align-items-center position-relative overflow-hidden text-white bg-dark h-50vh\">\n\n        <div class=\"hero-content container position-relative\">\n\n            <div class=\"row justify-content-center\">\n\n                <div class=\"col col-lg-8 text-center\">\n\n                                            <div class=\"fs-4 fs-md-2 fs-xxl-1 text-uppercase ls-5\">MittSk\u00e5ne<\/div>\n                    \n                                            <h2 class=\"mb-0 display-7 display-md-4 display-xxl-2 fw-bold\">Infopoints<\/h2>\n                    \n                    \n                    \n                                    <\/div>\n\n            <\/div>\n\n        <\/div>\n\n        \n                <picture class=\"hero-image position-absolute w-100 h-100 top-0 start-0\">\n\n                    <img fetchpriority=\"high\" decoding=\"async\" width=\"3840\" height=\"1728\" src=\"https:\/\/www.visitmittskane.se\/wp-content\/uploads\/2022\/09\/Vandra4-3840x1728.jpg\" class=\"w-100 h-100 object-fit-cover\" alt=\"\" loading=\"eager\" \/>\n                <\/picture>\n\n            \n            \n                    <div class=\"hero-overlay position-absolute w-100 h-100 top-0 start-0\" style=\"background-color: rgba(0,0,0,0.5);\"><\/div>\n        \n    <\/div>\n\n\n\n    <div id=\"text-block_8ab89cbfb90b642bb2dbfacd9c391729\" class=\"text-block alignwide d-flex align-items-center py-6 py-lg-7 py-xxl-9\">\n\n        <div class=\"container\">\n\n            \n            \n                <div class=\"row justify-content-center mt-3 mt-lg-4 mt-xxl-6\">\n                    <div class=\"col col-md-8 col-xl-6 mb-0-last-child fs-4 fs-md-3 fs-xxl-2 fw-medium text-center\"><p>Visit one of our InfoPoints to get personal tips on what you can see and do during your visit in the heart of Sk\u00e5ne. Here you can also pick up a map filled with suggestions for exciting, beautiful and unforgettable places to visit in MittSk\u00e5ne.<\/p>\n<\/div>\n                <\/div>\n\n            \n            \n                <div class=\"row justify-content-center mt-3 mt-lg-4 mt-xxl-6\">\n                    <div class=\"col col-md-8 col-xl-6 mb-0-last-child fs-5 fs-md-4 fs-xxl-3\"><p>MittSk\u00e5ne\u2019s InfoPoints can be found at hotels &amp; campsites, restaurants and attractions.\u00a0They are all marked with the InfoPoint symbol.<\/p>\n<p>For opening hours, see each InfoPoint\u2019s website:<\/p>\n<h5><strong>InfoPoints in H\u00f6rby<\/strong><\/h5>\n<ul>\n<li><a href=\"https:\/\/www.skanskalandskap.se\/strovomraden\/fulltofta\">Fulltofta Naturcentrum<\/a><\/li>\n<li><a href=\"https:\/\/www.facebook.com\/halsobodennaturligtvis\/\" target=\"_blank\" rel=\"noopener\" data-saferedirecturl=\"https:\/\/www.google.com\/url?q=https:\/\/www.facebook.com\/halsobodennaturligtvis\/&amp;source=gmail&amp;ust=1656050996078000&amp;usg=AOvVaw37Cr88IpMqgmQ1LvIhZnkC\">H\u00e4lsoboden Naturligtvis<\/a><\/li>\n<li><a href=\"http:\/\/www.horby.se\/\" target=\"_blank\" rel=\"noopener\" data-saferedirecturl=\"https:\/\/www.google.com\/url?q=http:\/\/www.horby.se\/&amp;source=gmail&amp;ust=1656050996078000&amp;usg=AOvVaw31GPE96x9dY3brWInqf5p3\">H\u00f6rby Kommun<\/a><\/li>\n<li><a href=\"http:\/\/www.linaocheva.se\/\" target=\"_blank\" rel=\"noopener\" data-saferedirecturl=\"https:\/\/www.google.com\/url?q=http:\/\/www.linaocheva.se\/&amp;source=gmail&amp;ust=1656050996078000&amp;usg=AOvVaw3gflPysEjuRHiES6dmx9aY\">Lina &amp; Evas Lanthandel<\/a><\/li>\n<li><a href=\"http:\/\/www.ringsjostrand.se\/\" target=\"_blank\" rel=\"noopener\" data-saferedirecturl=\"https:\/\/www.google.com\/url?q=http:\/\/www.ringsjostrand.se\/&amp;source=gmail&amp;ust=1656050996078000&amp;usg=AOvVaw07G45R3MW-XLx3H6mX_c0v\">Ringsj\u00f6strand<\/a><\/li>\n<li><a href=\"https:\/\/www.facebook.com\/%C3%96nnek%C3%B6ps-Lanthandel-1277076992387482\/\" target=\"_blank\" rel=\"noopener\" data-saferedirecturl=\"https:\/\/www.google.com\/url?q=https:\/\/www.facebook.com\/%25C3%2596nnek%25C3%25B6ps-Lanthandel-1277076992387482\/&amp;source=gmail&amp;ust=1656050996078000&amp;usg=AOvVaw0XlNvKSUlA0UL5uwyXJjjh\">\u00d6nnek\u00f6ps Lanthandel<\/a><\/li>\n<\/ul>\n<h5><strong>InfoPoints in H\u00f6\u00f6r<\/strong><\/h5>\n<ul>\n<li><a href=\"https:\/\/www.bosjokloster.se\/\" target=\"_blank\" rel=\"noopener\" data-saferedirecturl=\"https:\/\/www.google.com\/url?q=https:\/\/www.bosjokloster.se\/&amp;source=gmail&amp;ust=1656050996078000&amp;usg=AOvVaw1W3aynzt9BNVmmdQL1gbwI\">Bosj\u00f6kloster Slott<\/a><\/li>\n<li><a href=\"https:\/\/elisefarm.se\/\" target=\"_blank\" rel=\"noopener\" data-saferedirecturl=\"https:\/\/www.google.com\/url?q=https:\/\/elisefarm.se\/&amp;source=gmail&amp;ust=1656050996078000&amp;usg=AOvVaw2QnfiymgznEq41HwlYgqFv\">Elisefarm<\/a><\/li>\n<li><a href=\"http:\/\/www.grottbyn.se\/\" target=\"_blank\" rel=\"noopener\" data-saferedirecturl=\"https:\/\/www.google.com\/url?q=http:\/\/www.grottbyn.se\/&amp;source=gmail&amp;ust=1656050996078000&amp;usg=AOvVaw13xODloL0mBIevmG7iQg-B\">Grottbyn<\/a><\/li>\n<li><a href=\"https:\/\/hoorsgastis.se\/\" target=\"_blank\" rel=\"noopener\" data-saferedirecturl=\"https:\/\/www.google.com\/url?q=https:\/\/hoorsgastis.se\/&amp;source=gmail&amp;ust=1656050996078000&amp;usg=AOvVaw0MuVPN-2G7eIGQmZckz8Re\">H\u00f6\u00f6rs G\u00e4stgifwareg\u00e5rd<\/a><\/li>\n<li><a href=\"http:\/\/www.jagersbocamping.se\/\" target=\"_blank\" rel=\"noopener\" data-saferedirecturl=\"https:\/\/www.google.com\/url?q=http:\/\/www.jagersbocamping.se\/&amp;source=gmail&amp;ust=1656050996078000&amp;usg=AOvVaw3NezOlXh4F44opvOpblNqB\">J\u00e4gersbo Camping<\/a><\/li>\n<li><a href=\"http:\/\/www.skanesdjurpark.se\/\" target=\"_blank\" rel=\"noopener\" data-saferedirecturl=\"https:\/\/www.google.com\/url?q=http:\/\/www.skanesdjurpark.se\/&amp;source=gmail&amp;ust=1656050996078000&amp;usg=AOvVaw3Qom2T6jejB8Bn6DaD16GZ\">Sk\u00e5nes Djurpark<\/a><\/li>\n<li><a href=\"http:\/\/akersberg.se\/\" target=\"_blank\" rel=\"noopener\" data-saferedirecturl=\"https:\/\/www.google.com\/url?q=http:\/\/akersberg.se\/&amp;source=gmail&amp;ust=1656050996078000&amp;usg=AOvVaw0GrDVMxMBiInagE5WzMcEX\">Stiftsg\u00e5rden \u00c5kersberg<\/a><\/li>\n<li><a href=\"https:\/\/www.ullstorp.se\/\" target=\"_blank\" rel=\"noopener\" data-saferedirecturl=\"https:\/\/www.google.com\/url?q=https:\/\/www.ullstorp.se\/&amp;source=gmail&amp;ust=1656050996078000&amp;usg=AOvVaw0c-FSnzXIkAwXqypD6AfGq\">Ullstorps Stugor<\/a><\/li>\n<li><a href=\"https:\/\/backagarden.se\" target=\"_blank\" rel=\"noopener\">Backag\u00e5rden<\/a><\/li>\n<li><a href=\"http:\/\/www.bjorksringsjon.se\/\" target=\"_blank\" rel=\"noopener\" data-saferedirecturl=\"https:\/\/www.google.com\/url?q=http:\/\/www.bjorksringsjon.se\/&amp;source=gmail&amp;ust=1656050996078000&amp;usg=AOvVaw0702qXIYcBqJK-Y36V6eXj\">Bj\u00f6rks Fiskbutik och R\u00f6keri<\/a><\/li>\n<li><a href=\"https:\/\/bibliotek.hoor.se\/\" target=\"_blank\" rel=\"noopener\" data-saferedirecturl=\"https:\/\/www.google.com\/url?q=https:\/\/bibliotek.hoor.se\/&amp;source=gmail&amp;ust=1656050996078000&amp;usg=AOvVaw0BbMm1MTbQH4n9KFvjGJHl\">Biblioteket i H\u00f6\u00f6r\u00a0<\/a><\/li>\n<\/ul>\n<h5><strong>InfoPoints in Esl\u00f6v<\/strong><\/h5>\n<ul>\n<li><a href=\"http:\/\/www.brannerietsgard.se\/\" target=\"_blank\" rel=\"noopener\" data-saferedirecturl=\"https:\/\/www.google.com\/url?q=http:\/\/www.brannerietsgard.se\/&amp;source=gmail&amp;ust=1656050996078000&amp;usg=AOvVaw0FSY5QJg_Tw-XBCqgpbFCR\">Br\u00e4nneriets G\u00e5rd<\/a><\/li>\n<li><a href=\"https:\/\/eslov.se\/uppleva-gora\/turism-sevardheter-i-eslov\/\" target=\"_blank\" rel=\"noopener\" data-saferedirecturl=\"https:\/\/www.google.com\/url?q=http:\/\/www.eslov.se\/&amp;source=gmail&amp;ust=1656050996078000&amp;usg=AOvVaw23t839WHbwM4al2yFxJdK-\">Esl\u00f6vs kommun<\/a><\/li>\n<li><a href=\"http:\/\/eslovsleksaksmuseum.se\/\" target=\"_blank\" rel=\"noopener\" data-saferedirecturl=\"https:\/\/www.google.com\/url?q=http:\/\/eslovsleksaksmuseum.se\/&amp;source=gmail&amp;ust=1656050996078000&amp;usg=AOvVaw3KlU6ei7N9nTbYdMlm7M2z\">Esl\u00f6vs Leksaksmuseum<\/a><\/li>\n<li><a href=\"https:\/\/www.hembygd.se\/gamlegardbillinge\" target=\"_blank\" rel=\"noopener\" data-saferedirecturl=\"https:\/\/www.google.com\/url?q=https:\/\/www.hembygd.se\/gamlegardbillinge&amp;source=gmail&amp;ust=1656050996078000&amp;usg=AOvVaw3lyp9p6zXZFjbRNi4oVZCB\">Gamleg\u00e5rds Hembygdsmuseum<\/a><\/li>\n<li><a href=\"https:\/\/hotelstensson.com\" target=\"_blank\" rel=\"noopener\" data-saferedirecturl=\"https:\/\/www.google.com\/url?q=http:\/\/www.hotelstensson.se\/&amp;source=gmail&amp;ust=1656050996078000&amp;usg=AOvVaw2KgI5a5_WdGobX7CZFF6KP\">Hotel Stensson<\/a><\/li>\n<li><a href=\"http:\/\/www.medborgarhuset.com\/\" target=\"_blank\" rel=\"noopener\" data-saferedirecturl=\"https:\/\/www.google.com\/url?q=http:\/\/www.medborgarhuset.com\/&amp;source=gmail&amp;ust=1656050996078000&amp;usg=AOvVaw2Artyx_XD4JlpDLrOSLr47\">Medborgarhuset<\/a><\/li>\n<li><a href=\"https:\/\/alesandrasagna.wixsite.com\/smedig\" target=\"_blank\" rel=\"noopener\" data-saferedirecturl=\"https:\/\/www.google.com\/url?q=https:\/\/alesandrasagna.wixsite.com\/smedig&amp;source=gmail&amp;ust=1656050996078000&amp;usg=AOvVaw0UNbqTW1lu1G3ldUy1rVxU\">Smedjan i Getinge<\/a><\/li>\n<li><a href=\"https:\/\/www.eslovsbowling.se\/\" target=\"_blank\" rel=\"noopener\" data-saferedirecturl=\"https:\/\/www.google.com\/url?q=https:\/\/www.eslovsbowling.se&amp;source=gmail&amp;ust=1656050996078000&amp;usg=AOvVaw0Q7eHWMtwa-ROxC1p1TF0p\">Esl\u00f6vs bowling<\/a><\/li>\n<li><a href=\"https:\/\/bibliotek.eslov.se\/web\/arena\" target=\"_blank\" rel=\"noopener\" data-saferedirecturl=\"https:\/\/www.google.com\/url?q=https:\/\/bibliotek.eslov.se\/web\/arena&amp;source=gmail&amp;ust=1656050996078000&amp;usg=AOvVaw1_ITygrbvAONWGs3XSTF98\">Esl\u00f6vs Stadsbibliotek\u00a0<\/a><\/li>\n<li><a href=\"https:\/\/eslov.se\/uppleva-gora\/kultur\/museer-konstutstallningar-skulpturer\/museer\/eslovs-stadsmuseum\/\">Esl\u00f6vs Stadsmuseum<\/a><\/li>\n<li><a href=\"https:\/\/lindebergsblommor.se\" target=\"_blank\" rel=\"noopener\">Lindebergs Blomsterhandel<\/a><\/li>\n<li><a href=\"https:\/\/www.skafferietharlosa.se\" target=\"_blank\" rel=\"noopener\">Skafferiet i Harl\u00f6sa<\/a><\/li>\n<\/ul>\n<\/div>\n                <\/div>\n\n            \n        <\/div>\n\n    <\/div>\n\n","protected":false},"excerpt":{"rendered":"","protected":false},"author":10,"featured_media":0,"parent":0,"menu_order":5,"comment_status":"closed","ping_status":"closed","template":"","meta":{"_acf_changed":false,"inline_featured_image":false,"footnotes":""},"class_list":["post-6193","page","type-page","status-publish","hentry"],"acf":[],"yoast_head":"<!-- This site is optimized with the Yoast SEO plugin v27.4 - https:\/\/yoast.com\/product\/yoast-seo-wordpress\/ -->\r\n<title>Infopoints - Visit MittSk\u00e5ne<\/title>\r\n<meta name=\"description\" content=\"Visit one of our InfoPoints to get personal tips on what you can see and do during your visit in the heart of Sk\u00e5ne.\" \/>\r\n<meta name=\"robots\" content=\"index, follow, max-snippet:-1, max-image-preview:large, max-video-preview:-1\" \/>\r\n<link rel=\"canonical\" href=\"https:\/\/www.visitmittskane.se\/en\/infopoints\/\" \/>\r\n<meta property=\"og:locale\" content=\"en_US\" \/>\r\n<meta property=\"og:type\" content=\"article\" \/>\r\n<meta property=\"og:title\" content=\"Infopoints - Visit MittSk\u00e5ne\" \/>\r\n<meta property=\"og:description\" content=\"Visit one of our InfoPoints to get personal tips on what you can see and do during your visit in the heart of Sk\u00e5ne.\" \/>\r\n<meta property=\"og:url\" content=\"https:\/\/www.visitmittskane.se\/en\/infopoints\/\" \/>\r\n<meta property=\"og:site_name\" content=\"Visit MittSk\u00e5ne\" \/>\r\n<meta property=\"article:publisher\" content=\"https:\/\/www.facebook.com\/visitmittskane\" \/>\r\n<meta property=\"article:modified_time\" content=\"2025-12-27T15:07:15+00:00\" \/>\r\n<meta name=\"twitter:card\" content=\"summary_large_image\" \/>\r\n<script type=\"application\/ld+json\" class=\"yoast-schema-graph\">{\"@context\":\"https:\\\/\\\/schema.org\",\"@graph\":[{\"@type\":\"WebPage\",\"@id\":\"https:\\\/\\\/www.visitmittskane.se\\\/en\\\/infopoints\\\/\",\"url\":\"https:\\\/\\\/www.visitmittskane.se\\\/en\\\/infopoints\\\/\",\"name\":\"Infopoints - Visit MittSk\u00e5ne\",\"isPartOf\":{\"@id\":\"https:\\\/\\\/www.visitmittskane.se\\\/en\\\/#website\"},\"datePublished\":\"2022-06-22T08:10:26+00:00\",\"dateModified\":\"2025-12-27T15:07:15+00:00\",\"description\":\"Visit one of our InfoPoints to get personal tips on what you can see and do during your visit in the heart of Sk\u00e5ne.\",\"breadcrumb\":{\"@id\":\"https:\\\/\\\/www.visitmittskane.se\\\/en\\\/infopoints\\\/#breadcrumb\"},\"inLanguage\":\"en-US\",\"potentialAction\":[{\"@type\":\"ReadAction\",\"target\":[\"https:\\\/\\\/www.visitmittskane.se\\\/en\\\/infopoints\\\/\"]}]},{\"@type\":\"BreadcrumbList\",\"@id\":\"https:\\\/\\\/www.visitmittskane.se\\\/en\\\/infopoints\\\/#breadcrumb\",\"itemListElement\":[{\"@type\":\"ListItem\",\"position\":1,\"name\":\"Hem\",\"item\":\"https:\\\/\\\/www.visitmittskane.se\\\/en\\\/\"},{\"@type\":\"ListItem\",\"position\":2,\"name\":\"Infopoints\"}]},{\"@type\":\"WebSite\",\"@id\":\"https:\\\/\\\/www.visitmittskane.se\\\/en\\\/#website\",\"url\":\"https:\\\/\\\/www.visitmittskane.se\\\/en\\\/\",\"name\":\"Visit MittSk\u00e5ne\",\"description\":\"\",\"publisher\":{\"@id\":\"https:\\\/\\\/www.visitmittskane.se\\\/en\\\/#organization\"},\"potentialAction\":[{\"@type\":\"SearchAction\",\"target\":{\"@type\":\"EntryPoint\",\"urlTemplate\":\"https:\\\/\\\/www.visitmittskane.se\\\/en\\\/?s={search_term_string}\"},\"query-input\":{\"@type\":\"PropertyValueSpecification\",\"valueRequired\":true,\"valueName\":\"search_term_string\"}}],\"inLanguage\":\"en-US\"},{\"@type\":\"Organization\",\"@id\":\"https:\\\/\\\/www.visitmittskane.se\\\/en\\\/#organization\",\"name\":\"Visit MittSk\u00e5ne\",\"url\":\"https:\\\/\\\/www.visitmittskane.se\\\/en\\\/\",\"logo\":{\"@type\":\"ImageObject\",\"inLanguage\":\"en-US\",\"@id\":\"https:\\\/\\\/www.visitmittskane.se\\\/en\\\/#\\\/schema\\\/logo\\\/image\\\/\",\"url\":\"https:\\\/\\\/www.visitmittskane.se\\\/wp-content\\\/uploads\\\/2023\\\/03\\\/VisitMittSkane_logo_ENG.png\",\"contentUrl\":\"https:\\\/\\\/www.visitmittskane.se\\\/wp-content\\\/uploads\\\/2023\\\/03\\\/VisitMittSkane_logo_ENG.png\",\"width\":506,\"height\":218,\"caption\":\"Visit MittSk\u00e5ne\"},\"image\":{\"@id\":\"https:\\\/\\\/www.visitmittskane.se\\\/en\\\/#\\\/schema\\\/logo\\\/image\\\/\"},\"sameAs\":[\"https:\\\/\\\/www.facebook.com\\\/visitmittskane\",\"https:\\\/\\\/www.instagram.com\\\/visitmittskane\\\/\"]}]}<\/script>\r\n<!-- \/ Yoast SEO plugin. -->","yoast_head_json":{"title":"Infopoints - Visit MittSk\u00e5ne","description":"Visit one of our InfoPoints to get personal tips on what you can see and do during your visit in the heart of Sk\u00e5ne.","robots":{"index":"index","follow":"follow","max-snippet":"max-snippet:-1","max-image-preview":"max-image-preview:large","max-video-preview":"max-video-preview:-1"},"canonical":"https:\/\/www.visitmittskane.se\/en\/infopoints\/","og_locale":"en_US","og_type":"article","og_title":"Infopoints - Visit MittSk\u00e5ne","og_description":"Visit one of our InfoPoints to get personal tips on what you can see and do during your visit in the heart of Sk\u00e5ne.","og_url":"https:\/\/www.visitmittskane.se\/en\/infopoints\/","og_site_name":"Visit MittSk\u00e5ne","article_publisher":"https:\/\/www.facebook.com\/visitmittskane","article_modified_time":"2025-12-27T15:07:15+00:00","twitter_card":"summary_large_image","schema":{"@context":"https:\/\/schema.org","@graph":[{"@type":"WebPage","@id":"https:\/\/www.visitmittskane.se\/en\/infopoints\/","url":"https:\/\/www.visitmittskane.se\/en\/infopoints\/","name":"Infopoints - Visit MittSk\u00e5ne","isPartOf":{"@id":"https:\/\/www.visitmittskane.se\/en\/#website"},"datePublished":"2022-06-22T08:10:26+00:00","dateModified":"2025-12-27T15:07:15+00:00","description":"Visit one of our InfoPoints to get personal tips on what you can see and do during your visit in the heart of Sk\u00e5ne.","breadcrumb":{"@id":"https:\/\/www.visitmittskane.se\/en\/infopoints\/#breadcrumb"},"inLanguage":"en-US","potentialAction":[{"@type":"ReadAction","target":["https:\/\/www.visitmittskane.se\/en\/infopoints\/"]}]},{"@type":"BreadcrumbList","@id":"https:\/\/www.visitmittskane.se\/en\/infopoints\/#breadcrumb","itemListElement":[{"@type":"ListItem","position":1,"name":"Hem","item":"https:\/\/www.visitmittskane.se\/en\/"},{"@type":"ListItem","position":2,"name":"Infopoints"}]},{"@type":"WebSite","@id":"https:\/\/www.visitmittskane.se\/en\/#website","url":"https:\/\/www.visitmittskane.se\/en\/","name":"Visit MittSk\u00e5ne","description":"","publisher":{"@id":"https:\/\/www.visitmittskane.se\/en\/#organization"},"potentialAction":[{"@type":"SearchAction","target":{"@type":"EntryPoint","urlTemplate":"https:\/\/www.visitmittskane.se\/en\/?s={search_term_string}"},"query-input":{"@type":"PropertyValueSpecification","valueRequired":true,"valueName":"search_term_string"}}],"inLanguage":"en-US"},{"@type":"Organization","@id":"https:\/\/www.visitmittskane.se\/en\/#organization","name":"Visit MittSk\u00e5ne","url":"https:\/\/www.visitmittskane.se\/en\/","logo":{"@type":"ImageObject","inLanguage":"en-US","@id":"https:\/\/www.visitmittskane.se\/en\/#\/schema\/logo\/image\/","url":"https:\/\/www.visitmittskane.se\/wp-content\/uploads\/2023\/03\/VisitMittSkane_logo_ENG.png","contentUrl":"https:\/\/www.visitmittskane.se\/wp-content\/uploads\/2023\/03\/VisitMittSkane_logo_ENG.png","width":506,"height":218,"caption":"Visit MittSk\u00e5ne"},"image":{"@id":"https:\/\/www.visitmittskane.se\/en\/#\/schema\/logo\/image\/"},"sameAs":["https:\/\/www.facebook.com\/visitmittskane","https:\/\/www.instagram.com\/visitmittskane\/"]}]}},"_links":{"self":[{"href":"https:\/\/www.visitmittskane.se\/en\/wp-json\/wp\/v2\/pages\/6193","targetHints":{"allow":["GET"]}}],"collection":[{"href":"https:\/\/www.visitmittskane.se\/en\/wp-json\/wp\/v2\/pages"}],"about":[{"href":"https:\/\/www.visitmittskane.se\/en\/wp-json\/wp\/v2\/types\/page"}],"author":[{"embeddable":true,"href":"https:\/\/www.visitmittskane.se\/en\/wp-json\/wp\/v2\/users\/10"}],"replies":[{"embeddable":true,"href":"https:\/\/www.visitmittskane.se\/en\/wp-json\/wp\/v2\/comments?post=6193"}],"version-history":[{"count":3,"href":"https:\/\/www.visitmittskane.se\/en\/wp-json\/wp\/v2\/pages\/6193\/revisions"}],"predecessor-version":[{"id":6213,"href":"https:\/\/www.visitmittskane.se\/en\/wp-json\/wp\/v2\/pages\/6193\/revisions\/6213"}],"wp:attachment":[{"href":"https:\/\/www.visitmittskane.se\/en\/wp-json\/wp\/v2\/media?parent=6193"}],"curies":[{"name":"wp","href":"https:\/\/api.w.org\/{rel}","templated":true}]}}