{"id":6182,"date":"2022-06-01T14:57:08","date_gmt":"2022-06-01T12:57:08","guid":{"rendered":"https:\/\/www.visitmittskane.se\/about-visit-mittskane\/"},"modified":"2025-12-27T16:07:18","modified_gmt":"2025-12-27T15:07:18","slug":"about-visit-mittskane","status":"publish","type":"page","link":"https:\/\/www.visitmittskane.se\/en\/about-visit-mittskane\/","title":{"rendered":"About Visit Mittsk\u00e5ne"},"content":{"rendered":"\n\n    <div id=\"hero-block_632316c99f561\" class=\"hero-block alignnone d-flex justify-content-center align-items-center position-relative overflow-hidden text-white bg-dark h-50vh\">\n\n        <div class=\"hero-content container position-relative\">\n\n            <div class=\"row justify-content-center\">\n\n                <div class=\"col col-lg-8 text-center\">\n\n                    \n                    \n                    \n                    \n                                    <\/div>\n\n            <\/div>\n\n        <\/div>\n\n        \n                <picture class=\"hero-image position-absolute w-100 h-100 top-0 start-0\">\n\n                    <img fetchpriority=\"high\" decoding=\"async\" width=\"1200\" height=\"800\" src=\"https:\/\/www.visitmittskane.se\/wp-content\/uploads\/2022\/09\/Flyinge-Angar-33.jpg\" class=\"w-100 h-100 object-fit-cover\" alt=\"\" loading=\"eager\" srcset=\"https:\/\/www.visitmittskane.se\/wp-content\/uploads\/2022\/09\/Flyinge-Angar-33.jpg 1200w, https:\/\/www.visitmittskane.se\/wp-content\/uploads\/2022\/09\/Flyinge-Angar-33-300x200.jpg 300w, https:\/\/www.visitmittskane.se\/wp-content\/uploads\/2022\/09\/Flyinge-Angar-33-1024x683.jpg 1024w, https:\/\/www.visitmittskane.se\/wp-content\/uploads\/2022\/09\/Flyinge-Angar-33-768x512.jpg 768w, https:\/\/www.visitmittskane.se\/wp-content\/uploads\/2022\/09\/Flyinge-Angar-33-992x661.jpg 992w, https:\/\/www.visitmittskane.se\/wp-content\/uploads\/2022\/09\/Flyinge-Angar-33-736x491.jpg 736w, https:\/\/www.visitmittskane.se\/wp-content\/uploads\/2022\/09\/Flyinge-Angar-33-480x320.jpg 480w, https:\/\/www.visitmittskane.se\/wp-content\/uploads\/2022\/09\/Flyinge-Angar-33-352x235.jpg 352w, https:\/\/www.visitmittskane.se\/wp-content\/uploads\/2022\/09\/Flyinge-Angar-33-224x149.jpg 224w\" sizes=\"(max-width: 1200px) 100vw, 1200px\" \/>\n                <\/picture>\n\n            \n            \n                    <div class=\"hero-overlay position-absolute w-100 h-100 top-0 start-0\" style=\"background-color: rgba(0,0,0,0.5);\"><\/div>\n        \n    <\/div>\n\n\n<div id=\"media-text-block_632316f09f562\" class=\"media-text-block alignnone d-flex justify-content-center align-items-center py-6 py-lg-7 py-xxl-9\">\n\n    <div class=\"container\">\n\n        <div class=\"row flex-row\">\n\n            <div class=\"col-12 col-lg-6 d-flex mb-4 mb-lg-0\">\n\n                \n                    <picture class=\"w-100 h-100\">\n\n                        <img decoding=\"async\" width=\"736\" height=\"491\" src=\"https:\/\/www.visitmittskane.se\/wp-content\/uploads\/2022\/09\/Konferensaktivitet-736x491.jpg\" class=\"img-fluid w-100 h-100 object-fit-cover\" alt=\"\" loading=\"eager\" srcset=\"https:\/\/www.visitmittskane.se\/wp-content\/uploads\/2022\/09\/Konferensaktivitet-736x491.jpg 736w, https:\/\/www.visitmittskane.se\/wp-content\/uploads\/2022\/09\/Konferensaktivitet-300x200.jpg 300w, https:\/\/www.visitmittskane.se\/wp-content\/uploads\/2022\/09\/Konferensaktivitet-1024x683.jpg 1024w, https:\/\/www.visitmittskane.se\/wp-content\/uploads\/2022\/09\/Konferensaktivitet-768x512.jpg 768w, https:\/\/www.visitmittskane.se\/wp-content\/uploads\/2022\/09\/Konferensaktivitet-1536x1024.jpg 1536w, https:\/\/www.visitmittskane.se\/wp-content\/uploads\/2022\/09\/Konferensaktivitet-2048x1365.jpg 2048w, https:\/\/www.visitmittskane.se\/wp-content\/uploads\/2022\/09\/Konferensaktivitet-1920x1280.jpg 1920w, https:\/\/www.visitmittskane.se\/wp-content\/uploads\/2022\/09\/Konferensaktivitet-992x661.jpg 992w, https:\/\/www.visitmittskane.se\/wp-content\/uploads\/2022\/09\/Konferensaktivitet-480x320.jpg 480w, https:\/\/www.visitmittskane.se\/wp-content\/uploads\/2022\/09\/Konferensaktivitet-352x235.jpg 352w, https:\/\/www.visitmittskane.se\/wp-content\/uploads\/2022\/09\/Konferensaktivitet-224x149.jpg 224w\" sizes=\"(max-width: 736px) 100vw, 736px\" \/>\n                    <\/picture>\n\n                \n            <\/div>\n\n            <div class=\"col-12 col-lg-5 offset-xl-1 d-flex flex-column justify-content-center\">\n\n                \n                                    <div class=\"mb-0-last-child fs-5 fs-md-4 fs-xxl-3\"><p>In MittSk\u00e5ne you will find everything from wonderful Sunday excursions and exciting adventures for both young and old. Are you looking for magical and grand experiences? Then you should visit one of our castles. Castles are also a perfect place to have your conference. You can also rent a castle &#8211; for a magical wedding. With us you can search for experiences for two, family excursions, hiking trails, farm shops and guided tours. Click on <a href=\"https:\/\/www.visitmittskane.se\/inspiration\/\">inspiration<\/a> to get inspired or go <a href=\"https:\/\/www.visitmittskane.se\/besoksmal\/\">directly to search<\/a> and find your next exciting destination or Sunday excursion. Otherwise, you can always visit one of our <a href=\"https:\/\/www.visitmittskane.se\/infopoints\/\">infopoints <\/a> to pick up a map and get more information about our various excursion destinations. <em>A warm welcome to the heart of Sk\u00e5ne \u2013 Mitt Sk\u00e5ne.<\/em><\/p>\n<h5>Contact<\/h5>\n<p>We are on <a href=\"https:\/\/www.facebook.com\/visitmittskane\/\" target=\"_blank\" rel=\"noopener\">Facebook<\/a>. There you can stay updated on what&#8217;s going on in MittSk\u00e5ne. If you would like to contact us regarding any information on this page, please write to <a href=\"mailto:info@mitt-skane.se\">info@mitt-skane.se<\/a>. If you would like to know more about a destination, please contact the destination directly.<span class=\"Apple-converted-space\">\u00a0<\/span><\/p>\n<p><em><strong>Are you a company in the tourism industry in MittSk\u00e5ne and would like to be featured on this page? <a href=\"https:\/\/www.mitt-skane.se\" target=\"_blank\" rel=\"noopener\">Read more here &gt;&gt; <\/a><\/strong><\/em><\/p>\n<\/div>\n                \n                \n            <\/div>\n\n        <\/div>\n\n    <\/div>\n\n<\/div>\n","protected":false},"excerpt":{"rendered":"","protected":false},"author":10,"featured_media":5133,"parent":0,"menu_order":36,"comment_status":"closed","ping_status":"closed","template":"","meta":{"_acf_changed":false,"inline_featured_image":false,"footnotes":""},"class_list":["post-6182","page","type-page","status-publish","has-post-thumbnail","hentry"],"acf":[],"yoast_head":"<!-- This site is optimized with the Yoast SEO plugin v27.4 - https:\/\/yoast.com\/product\/yoast-seo-wordpress\/ -->\r\n<title>About Visit Mittsk\u00e5ne - Visit MittSk\u00e5ne<\/title>\r\n<meta name=\"description\" content=\"MittSk\u00e5ne offers wonderful Sunday excursions, exciting adventures, flea markets, nature tours and homemade food. A warm welcome to the heart of Sk\u00e5ne.\" \/>\r\n<meta name=\"robots\" content=\"index, follow, max-snippet:-1, max-image-preview:large, max-video-preview:-1\" \/>\r\n<link rel=\"canonical\" href=\"https:\/\/www.visitmittskane.se\/en\/about-visit-mittskane\/\" \/>\r\n<meta property=\"og:locale\" content=\"en_US\" \/>\r\n<meta property=\"og:type\" content=\"article\" \/>\r\n<meta property=\"og:title\" content=\"About Visit Mittsk\u00e5ne - Visit MittSk\u00e5ne\" \/>\r\n<meta property=\"og:description\" content=\"MittSk\u00e5ne offers wonderful Sunday excursions, exciting adventures, flea markets, nature tours and homemade food. A warm welcome to the heart of Sk\u00e5ne.\" \/>\r\n<meta property=\"og:url\" content=\"https:\/\/www.visitmittskane.se\/en\/about-visit-mittskane\/\" \/>\r\n<meta property=\"og:site_name\" content=\"Visit MittSk\u00e5ne\" \/>\r\n<meta property=\"article:publisher\" content=\"https:\/\/www.facebook.com\/visitmittskane\" \/>\r\n<meta property=\"article:modified_time\" content=\"2025-12-27T15:07:18+00:00\" \/>\r\n<meta property=\"og:image\" content=\"https:\/\/www.visitmittskane.se\/wp-content\/uploads\/2022\/09\/Vandra5-scaled.jpg\" \/>\r\n\t<meta property=\"og:image:width\" content=\"3840\" \/>\r\n\t<meta property=\"og:image:height\" content=\"2560\" \/>\r\n\t<meta property=\"og:image:type\" content=\"image\/jpeg\" \/>\r\n<meta name=\"twitter:card\" content=\"summary_large_image\" \/>\r\n<script type=\"application\/ld+json\" class=\"yoast-schema-graph\">{\"@context\":\"https:\\\/\\\/schema.org\",\"@graph\":[{\"@type\":\"WebPage\",\"@id\":\"https:\\\/\\\/www.visitmittskane.se\\\/en\\\/about-visit-mittskane\\\/\",\"url\":\"https:\\\/\\\/www.visitmittskane.se\\\/en\\\/about-visit-mittskane\\\/\",\"name\":\"About Visit Mittsk\u00e5ne - Visit MittSk\u00e5ne\",\"isPartOf\":{\"@id\":\"https:\\\/\\\/www.visitmittskane.se\\\/en\\\/#website\"},\"primaryImageOfPage\":{\"@id\":\"https:\\\/\\\/www.visitmittskane.se\\\/en\\\/about-visit-mittskane\\\/#primaryimage\"},\"image\":{\"@id\":\"https:\\\/\\\/www.visitmittskane.se\\\/en\\\/about-visit-mittskane\\\/#primaryimage\"},\"thumbnailUrl\":\"https:\\\/\\\/www.visitmittskane.se\\\/wp-content\\\/uploads\\\/2022\\\/09\\\/Vandra5-scaled.jpg\",\"datePublished\":\"2022-06-01T12:57:08+00:00\",\"dateModified\":\"2025-12-27T15:07:18+00:00\",\"description\":\"MittSk\u00e5ne offers wonderful Sunday excursions, exciting adventures, flea markets, nature tours and homemade food. A warm welcome to the heart of Sk\u00e5ne.\",\"breadcrumb\":{\"@id\":\"https:\\\/\\\/www.visitmittskane.se\\\/en\\\/about-visit-mittskane\\\/#breadcrumb\"},\"inLanguage\":\"en-US\",\"potentialAction\":[{\"@type\":\"ReadAction\",\"target\":[\"https:\\\/\\\/www.visitmittskane.se\\\/en\\\/about-visit-mittskane\\\/\"]}]},{\"@type\":\"ImageObject\",\"inLanguage\":\"en-US\",\"@id\":\"https:\\\/\\\/www.visitmittskane.se\\\/en\\\/about-visit-mittskane\\\/#primaryimage\",\"url\":\"https:\\\/\\\/www.visitmittskane.se\\\/wp-content\\\/uploads\\\/2022\\\/09\\\/Vandra5-scaled.jpg\",\"contentUrl\":\"https:\\\/\\\/www.visitmittskane.se\\\/wp-content\\\/uploads\\\/2022\\\/09\\\/Vandra5-scaled.jpg\",\"width\":3840,\"height\":2560},{\"@type\":\"BreadcrumbList\",\"@id\":\"https:\\\/\\\/www.visitmittskane.se\\\/en\\\/about-visit-mittskane\\\/#breadcrumb\",\"itemListElement\":[{\"@type\":\"ListItem\",\"position\":1,\"name\":\"Hem\",\"item\":\"https:\\\/\\\/www.visitmittskane.se\\\/en\\\/\"},{\"@type\":\"ListItem\",\"position\":2,\"name\":\"About Visit Mittsk\u00e5ne\"}]},{\"@type\":\"WebSite\",\"@id\":\"https:\\\/\\\/www.visitmittskane.se\\\/en\\\/#website\",\"url\":\"https:\\\/\\\/www.visitmittskane.se\\\/en\\\/\",\"name\":\"Visit MittSk\u00e5ne\",\"description\":\"\",\"publisher\":{\"@id\":\"https:\\\/\\\/www.visitmittskane.se\\\/en\\\/#organization\"},\"potentialAction\":[{\"@type\":\"SearchAction\",\"target\":{\"@type\":\"EntryPoint\",\"urlTemplate\":\"https:\\\/\\\/www.visitmittskane.se\\\/en\\\/?s={search_term_string}\"},\"query-input\":{\"@type\":\"PropertyValueSpecification\",\"valueRequired\":true,\"valueName\":\"search_term_string\"}}],\"inLanguage\":\"en-US\"},{\"@type\":\"Organization\",\"@id\":\"https:\\\/\\\/www.visitmittskane.se\\\/en\\\/#organization\",\"name\":\"Visit MittSk\u00e5ne\",\"url\":\"https:\\\/\\\/www.visitmittskane.se\\\/en\\\/\",\"logo\":{\"@type\":\"ImageObject\",\"inLanguage\":\"en-US\",\"@id\":\"https:\\\/\\\/www.visitmittskane.se\\\/en\\\/#\\\/schema\\\/logo\\\/image\\\/\",\"url\":\"https:\\\/\\\/www.visitmittskane.se\\\/wp-content\\\/uploads\\\/2023\\\/03\\\/VisitMittSkane_logo_ENG.png\",\"contentUrl\":\"https:\\\/\\\/www.visitmittskane.se\\\/wp-content\\\/uploads\\\/2023\\\/03\\\/VisitMittSkane_logo_ENG.png\",\"width\":506,\"height\":218,\"caption\":\"Visit MittSk\u00e5ne\"},\"image\":{\"@id\":\"https:\\\/\\\/www.visitmittskane.se\\\/en\\\/#\\\/schema\\\/logo\\\/image\\\/\"},\"sameAs\":[\"https:\\\/\\\/www.facebook.com\\\/visitmittskane\",\"https:\\\/\\\/www.instagram.com\\\/visitmittskane\\\/\"]}]}<\/script>\r\n<!-- \/ Yoast SEO plugin. -->","yoast_head_json":{"title":"About Visit Mittsk\u00e5ne - Visit MittSk\u00e5ne","description":"MittSk\u00e5ne offers wonderful Sunday excursions, exciting adventures, flea markets, nature tours and homemade food. A warm welcome to the heart of Sk\u00e5ne.","robots":{"index":"index","follow":"follow","max-snippet":"max-snippet:-1","max-image-preview":"max-image-preview:large","max-video-preview":"max-video-preview:-1"},"canonical":"https:\/\/www.visitmittskane.se\/en\/about-visit-mittskane\/","og_locale":"en_US","og_type":"article","og_title":"About Visit Mittsk\u00e5ne - Visit MittSk\u00e5ne","og_description":"MittSk\u00e5ne offers wonderful Sunday excursions, exciting adventures, flea markets, nature tours and homemade food. A warm welcome to the heart of Sk\u00e5ne.","og_url":"https:\/\/www.visitmittskane.se\/en\/about-visit-mittskane\/","og_site_name":"Visit MittSk\u00e5ne","article_publisher":"https:\/\/www.facebook.com\/visitmittskane","article_modified_time":"2025-12-27T15:07:18+00:00","og_image":[{"width":3840,"height":2560,"url":"https:\/\/www.visitmittskane.se\/wp-content\/uploads\/2022\/09\/Vandra5-scaled.jpg","type":"image\/jpeg"}],"twitter_card":"summary_large_image","schema":{"@context":"https:\/\/schema.org","@graph":[{"@type":"WebPage","@id":"https:\/\/www.visitmittskane.se\/en\/about-visit-mittskane\/","url":"https:\/\/www.visitmittskane.se\/en\/about-visit-mittskane\/","name":"About Visit Mittsk\u00e5ne - Visit MittSk\u00e5ne","isPartOf":{"@id":"https:\/\/www.visitmittskane.se\/en\/#website"},"primaryImageOfPage":{"@id":"https:\/\/www.visitmittskane.se\/en\/about-visit-mittskane\/#primaryimage"},"image":{"@id":"https:\/\/www.visitmittskane.se\/en\/about-visit-mittskane\/#primaryimage"},"thumbnailUrl":"https:\/\/www.visitmittskane.se\/wp-content\/uploads\/2022\/09\/Vandra5-scaled.jpg","datePublished":"2022-06-01T12:57:08+00:00","dateModified":"2025-12-27T15:07:18+00:00","description":"MittSk\u00e5ne offers wonderful Sunday excursions, exciting adventures, flea markets, nature tours and homemade food. A warm welcome to the heart of Sk\u00e5ne.","breadcrumb":{"@id":"https:\/\/www.visitmittskane.se\/en\/about-visit-mittskane\/#breadcrumb"},"inLanguage":"en-US","potentialAction":[{"@type":"ReadAction","target":["https:\/\/www.visitmittskane.se\/en\/about-visit-mittskane\/"]}]},{"@type":"ImageObject","inLanguage":"en-US","@id":"https:\/\/www.visitmittskane.se\/en\/about-visit-mittskane\/#primaryimage","url":"https:\/\/www.visitmittskane.se\/wp-content\/uploads\/2022\/09\/Vandra5-scaled.jpg","contentUrl":"https:\/\/www.visitmittskane.se\/wp-content\/uploads\/2022\/09\/Vandra5-scaled.jpg","width":3840,"height":2560},{"@type":"BreadcrumbList","@id":"https:\/\/www.visitmittskane.se\/en\/about-visit-mittskane\/#breadcrumb","itemListElement":[{"@type":"ListItem","position":1,"name":"Hem","item":"https:\/\/www.visitmittskane.se\/en\/"},{"@type":"ListItem","position":2,"name":"About Visit Mittsk\u00e5ne"}]},{"@type":"WebSite","@id":"https:\/\/www.visitmittskane.se\/en\/#website","url":"https:\/\/www.visitmittskane.se\/en\/","name":"Visit MittSk\u00e5ne","description":"","publisher":{"@id":"https:\/\/www.visitmittskane.se\/en\/#organization"},"potentialAction":[{"@type":"SearchAction","target":{"@type":"EntryPoint","urlTemplate":"https:\/\/www.visitmittskane.se\/en\/?s={search_term_string}"},"query-input":{"@type":"PropertyValueSpecification","valueRequired":true,"valueName":"search_term_string"}}],"inLanguage":"en-US"},{"@type":"Organization","@id":"https:\/\/www.visitmittskane.se\/en\/#organization","name":"Visit MittSk\u00e5ne","url":"https:\/\/www.visitmittskane.se\/en\/","logo":{"@type":"ImageObject","inLanguage":"en-US","@id":"https:\/\/www.visitmittskane.se\/en\/#\/schema\/logo\/image\/","url":"https:\/\/www.visitmittskane.se\/wp-content\/uploads\/2023\/03\/VisitMittSkane_logo_ENG.png","contentUrl":"https:\/\/www.visitmittskane.se\/wp-content\/uploads\/2023\/03\/VisitMittSkane_logo_ENG.png","width":506,"height":218,"caption":"Visit MittSk\u00e5ne"},"image":{"@id":"https:\/\/www.visitmittskane.se\/en\/#\/schema\/logo\/image\/"},"sameAs":["https:\/\/www.facebook.com\/visitmittskane","https:\/\/www.instagram.com\/visitmittskane\/"]}]}},"_links":{"self":[{"href":"https:\/\/www.visitmittskane.se\/en\/wp-json\/wp\/v2\/pages\/6182","targetHints":{"allow":["GET"]}}],"collection":[{"href":"https:\/\/www.visitmittskane.se\/en\/wp-json\/wp\/v2\/pages"}],"about":[{"href":"https:\/\/www.visitmittskane.se\/en\/wp-json\/wp\/v2\/types\/page"}],"author":[{"embeddable":true,"href":"https:\/\/www.visitmittskane.se\/en\/wp-json\/wp\/v2\/users\/10"}],"replies":[{"embeddable":true,"href":"https:\/\/www.visitmittskane.se\/en\/wp-json\/wp\/v2\/comments?post=6182"}],"version-history":[{"count":1,"href":"https:\/\/www.visitmittskane.se\/en\/wp-json\/wp\/v2\/pages\/6182\/revisions"}],"predecessor-version":[{"id":6183,"href":"https:\/\/www.visitmittskane.se\/en\/wp-json\/wp\/v2\/pages\/6182\/revisions\/6183"}],"wp:featuredmedia":[{"embeddable":true,"href":"https:\/\/www.visitmittskane.se\/en\/wp-json\/wp\/v2\/media\/5133"}],"wp:attachment":[{"href":"https:\/\/www.visitmittskane.se\/en\/wp-json\/wp\/v2\/media?parent=6182"}],"curies":[{"name":"wp","href":"https:\/\/api.w.org\/{rel}","templated":true}]}}